{"id":3114,"date":"2015-10-12T09:01:11","date_gmt":"2015-10-12T09:01:11","guid":{"rendered":"http:\/\/www.gunesgumruk.com.tr\/home\/"},"modified":"2022-06-08T10:44:51","modified_gmt":"2022-06-08T10:44:51","slug":"home-below-menu","status":"publish","type":"page","link":"https:\/\/www.gunesgumruk.com.tr\/en\/","title":{"rendered":"Home"},"content":{"rendered":"<div class=\"bt_rc_container\"><section id=\"bt_section69e1b2f21d06d\" data-parallax=\"0.1\" data-parallax-offset=\"-200\" class=\"boldSection btDarkSkin inherit btParallax\" ><div class=\"port\"><div class=\"boldCell\"><div class=\"boldCellInner\"><div class=\"boldRow \" ><div class=\"rowItem col-md-12 col-ms-12  btTextLeft inherit btNoPadding\" style=\"margin-top:-30px;\" ><div class=\"rowItemContent\"><div class=\"btText\"><\/div><\/div><\/div><\/div><\/div><\/div><\/div><\/section><section id=\"about-us\"  class=\"boldSection topMoreSpaced bottomSpaced gutter inherit\" ><div class=\"port\"><div class=\"boldCell\"><div class=\"boldCellInner\"><div class=\"boldRow \" ><div class=\"rowItem col-md-12 col-ms-12  btTextCenter animate animate-fadein btTextIndent inherit btDoublePadding\"  ><div class=\"rowItemContent\"><header class=\"header btClear medium  btAccentDash btRegularTitle\" ><div class=\"dash\"><h3><span class=\"headline\">About Us<\/span><\/h3><\/div><\/header><div class=\"btText\"><p><span style=\"font-size: 14pt;\">We, as Gunes Customs and Logistics Services, have been continuing to provide our customers with the solution-oriented services in both customs and logistics with our expert team since 1999.<\/span><\/p>\n<\/div><\/div><\/div><\/div><div class=\"boldRow \" ><div class=\"rowItem col-md-12 col-ms-12  btTextLeft\"  ><div class=\"rowItemContent\"><div class=\"btClear btSeparator topSpaced noBorder\" ><hr><\/div><\/div><\/div><\/div><div class=\"boldRow \" ><div class=\"rowItem col-sm-4 col-ms-12 btTextLeft animate animate-fadein btTextIndent inherit\"  ><div class=\"rowItemContent\"><div class=\"btClear btSeparator bottomSemiSpaced noBorder\" ><hr><\/div><div class=\"bpgPhoto btTextCenter\" > \r\n\t\t\t\t\t<a href=\"http:\/\/www.gunesgumruk.com.tr\/en\/gumruk-musavirligi\/\" target=\"_self\"><\/a>\r\n\t\t\t\t\t<div class=\"boldPhotoBox\"><div class=\"bpbItem\"><div class=\"btImage\"><img decoding=\"async\" src=\"https:\/\/www.gunesgumruk.com.tr\/wp-content\/uploads\/2022\/03\/gumruk_musavirligi-1080x540.jpg\" alt=\"gumruk_musavirligi-1080x540.jpg\"><\/div><\/div><\/div>\r\n\t\t\t\t\t<div class=\"captionPane\">\r\n\t\t\t\t\t\t<div class=\"captionTable\">\r\n\t\t\t\t\t\t\t<div class=\"captionCell\">\r\n\t\t\t\t\t\t\t\t<div class=\"captionTxt\"><header class=\"header btClear small btDash bottomDash\" ><\/header><\/div>\r\n\t\t\t\t\t\t\t<\/div>\r\n\t\t\t\t\t\t<\/div>\r\n\t\t\t\t\t<\/div><\/div><div class=\"btClear btSeparator topSmallSpaced noBorder\" ><hr><\/div><div class=\"btText\"><header class=\"header btClear small anasayfa-baslik btAccentDash btAccentTitle\">\n<div class=\"dash\">\n<h4><a href=\"http:\/\/www.gunesgumruk.com.tr\/en\/gumruk-musavirligi\/\"><span class=\"headline\">Customs Consultancy<\/span><\/a><\/h4>\n<\/div>\n<\/header>\n<\/div><div class=\"btClear btSeparator topSmallSpaced noBorder\" ><hr><\/div><\/div><\/div><div class=\"rowItem col-sm-4 col-ms-12 btTextLeft animate animate-fadein btTextIndent inherit\"  ><div class=\"rowItemContent\"><div class=\"btClear btSeparator bottomSemiSpaced noBorder\" ><hr><\/div><div class=\"bpgPhoto btTextCenter\" > \r\n\t\t\t\t\t<a href=\"http:\/\/www.gunesgumruk.com.tr\/en\/uluslararasi-tasimalar\/\" target=\"_self\"><\/a>\r\n\t\t\t\t\t<div class=\"boldPhotoBox\"><div class=\"bpbItem\"><div class=\"btImage\"><img decoding=\"async\" src=\"https:\/\/www.gunesgumruk.com.tr\/wp-content\/uploads\/2022\/03\/depolama_hizmetleri-1080x540.jpg\" alt=\"depolama_hizmetleri-1080x540.jpg\"><\/div><\/div><\/div>\r\n\t\t\t\t\t<div class=\"captionPane\">\r\n\t\t\t\t\t\t<div class=\"captionTable\">\r\n\t\t\t\t\t\t\t<div class=\"captionCell\">\r\n\t\t\t\t\t\t\t\t<div class=\"captionTxt\"><header class=\"header btClear small btDash bottomDash\" ><\/header><\/div>\r\n\t\t\t\t\t\t\t<\/div>\r\n\t\t\t\t\t\t<\/div>\r\n\t\t\t\t\t<\/div><\/div><div class=\"btClear btSeparator topSmallSpaced noBorder\" ><hr><\/div><div class=\"btText\"><header class=\"header btClear small anasayfa-baslik btAccentDash btAccentTitle\">\n<div class=\"dash\">\n<h4><a href=\"http:\/\/www.gunesgumruk.com.tr\/en\/uluslararasi-tasimalar\/\"><span class=\"headline\">Logistics Services<\/span><\/a><\/h4>\n<\/div>\n<\/header>\n<\/div><div class=\"btClear btSeparator topSmallSpaced noBorder\" ><hr><\/div><\/div><\/div><div class=\"rowItem col-sm-4 col-ms-12 btTextLeft animate animate-fadein btTextIndent inherit\"  ><div class=\"rowItemContent\"><div class=\"btClear btSeparator bottomSemiSpaced noBorder\" ><hr><\/div><div class=\"bpgPhoto btTextCenter\" > \r\n\t\t\t\t\t<a href=\"http:\/\/www.gunesgumruk.com.tr\/en\/is-birlikleri\/\" target=\"_self\"><\/a>\r\n\t\t\t\t\t<div class=\"boldPhotoBox\"><div class=\"bpbItem\"><div class=\"btImage\"><img decoding=\"async\" src=\"https:\/\/www.gunesgumruk.com.tr\/wp-content\/uploads\/2022\/03\/organize_sanayi_bolgesi_is_birlikleri-1080x540.jpg\" alt=\"organize_sanayi_bolgesi_is_birlikleri-1080x540.jpg\"><\/div><\/div><\/div>\r\n\t\t\t\t\t<div class=\"captionPane\">\r\n\t\t\t\t\t\t<div class=\"captionTable\">\r\n\t\t\t\t\t\t\t<div class=\"captionCell\">\r\n\t\t\t\t\t\t\t\t<div class=\"captionTxt\"><header class=\"header btClear small btDash bottomDash\" ><\/header><\/div>\r\n\t\t\t\t\t\t\t<\/div>\r\n\t\t\t\t\t\t<\/div>\r\n\t\t\t\t\t<\/div><\/div><div class=\"btClear btSeparator topSmallSpaced noBorder\" ><hr><\/div><div class=\"btText\"><header class=\"header btClear small anasayfa-baslik btAccentDash btAccentTitle\">\n<div class=\"dash\">\n<h4><a href=\"http:\/\/www.gunesgumruk.com.tr\/en\/is-birlikleri\/\"><span class=\"headline\">Cooperations for Industrial Zones<\/span><\/a><\/h4>\n<\/div>\n<\/header>\n<\/div><div class=\"btClear btSeparator topSmallSpaced noBorder\" ><hr><\/div><\/div><\/div><\/div><div class=\"boldRow \" ><div class=\"rowItem col-md-12 col-ms-12  btTextLeft\"  ><div class=\"rowItemContent\"><div class=\"btClear btSeparator topSmallSpaced noBorder\" ><hr><\/div><\/div><\/div><\/div><\/div><\/div><\/div><\/section><section id=\"bt_section69e1b2f21f224\" data-parallax=\"-0.1\" data-parallax-offset=\"0\" class=\"boldSection topMoreSpaced bottomSpaced btDarkSkin gutter inherit btParallax wBackground cover\" style=\"background-color:#2980b9;background-image:url('https:\/\/www.gunesgumruk.com.tr\/wp-content\/uploads\/2015\/11\/Transparent-background-with-dots.png');\"><div class=\"port\"><div class=\"boldCell\"><div class=\"boldCellInner\"><div class=\"boldRow \" ><div class=\"rowItem col-sm-4 col-ms-12 btTextRight animate animate-fadein inherit btDoublePadding\"  ><div class=\"rowItemContent\"><div class=\"btText\"><h4>Why Our 500+ Customers Trust Us?<\/h4>\n<\/div><\/div><\/div><div class=\"rowItem col-sm-4 col-ms-12 btTextLeft animate animate-fadein btHighlight inherit btDoublePadding\"  ><div class=\"rowItemContent\"><div class=\"btClear btSeparator topSmallSpaced noBorder\" ><hr><\/div><div class=\"bpgPhoto btTextCenter\" ><div class=\"btImage\"><img decoding=\"async\" src=\"https:\/\/www.gunesgumruk.com.tr\/wp-content\/uploads\/2022\/05\/indexlogoNew.png\" alt=\"indexlogoNew.png\"><\/div><\/div><div class=\"btText\"><p>As INDEX Group, the fact that we work with a dedicated, hardworking and responsible team is one of the reasons that have developed our long-standing harmonious cooperation with Gunes Customs and Logistics Services.<\/p>\n<p>Gunes Customs and Logistics Services makes a significant contribution to our Group in every sense with its solution, result-oriented working principles and the skills in facilitating the work flow beyond our expectations.<br \/>\nAbove all, we fully believe that our trust-based partnership will continue for many years with Gunes Customs and Logistics Services, which have the teams that fully embrace team spirit, are friendly, in love with their job, committed to the laws and principles, open to innovations and producing fast solutions.<\/p>\n<p>We, as INDEX Group, the best in the sector, believe and are aware that every success can be achieved thanks to serious teamwork. Thank you very much.<\/p>\n<\/div><div class=\"btClear btSeparator topSmallSpaced noBorder\" ><hr><\/div><header class=\"header btClear small btTextRight btAccentDash btRegularTitle\" ><p class=\"btSuperTitle\">\u0130brahim PATAR<\/p><p class=\"btSubTitle\">Foreign Trade Director<\/p><\/header><div class=\"btClear btSeparator topSmallSpaced noBorder\" ><hr><\/div><\/div><\/div><div class=\"rowItem col-sm-4 col-ms-12 btTextLeft animate animate-fadein btHighlight inherit btDoublePadding\"  ><div class=\"rowItemContent\"><div class=\"btClear btSeparator topSmallSpaced noBorder\" ><hr><\/div><div class=\"bpgPhoto btTextCenter\" ><div class=\"btImage\"><img decoding=\"async\" src=\"https:\/\/www.gunesgumruk.com.tr\/wp-content\/uploads\/2022\/05\/upmlogo.png\" alt=\"upmlogo.png\"><\/div><\/div><div class=\"btText\"><p>As UPM, that we have a Custom Consultant working with us as if it was our own department with a fast service time and solution-oriented approach and firstly considering our benefit has added value to us.<\/p>\n<p>Gunes Customs and Logistics Services demonstrates that it is a systematic company adopting the policies and principles, monitoring business regularly and stably in the most effective way in terms of both operations and accounting.<br \/>\nWe have got great advantages, thanks to its experienced and agile staff.<\/p>\n<p>The fact that they are always available is a huge motivation for my team, and they have pioneered proactive approaches with their detailed feedback in case of changing legislation or on issues that may pose a disadvantage.<\/p>\n<p>I would like to thank Gunes Customs and Logistics Services for the services they have given us so far, and I wish our business partnership to continue.<\/p>\n<\/div><div class=\"btClear btSeparator topSmallSpaced noBorder\" ><hr><\/div><header class=\"header btClear small btTextRight btAccentDash btRegularTitle\" ><p class=\"btSuperTitle\">Tuba KO\u00c7<\/p><p class=\"btSubTitle\">Terminal Director<\/p><\/header><div class=\"btClear btSeparator topSmallSpaced noBorder\" ><hr><\/div><\/div><\/div><\/div><div class=\"boldRow \" ><div class=\"rowItem col-md-12 col-ms-12  btTextRight animate animate-fadein animate-moveright inherit\"  ><div class=\"rowItemContent\"><div class=\"btClear btSeparator topSpaced noBorder\" ><hr><\/div><\/div><\/div><\/div><\/div><\/div><\/div><\/section><section id=\"services\" data-parallax=\"0.1\" data-parallax-offset=\"0\" class=\"boldSection topMoreSpaced bottomSpaced gutter inherit btParallax\" ><div class=\"port\"><div class=\"boldCell\"><div class=\"boldCellInner\"><div class=\"boldRow \" ><div class=\"rowItem col-sm-4 col-ms-12 btTextRight animate animate-fadein inherit btDoublePadding\"  ><div class=\"rowItemContent\"><header class=\"header btClear medium  btAccentDash btRegularTitle\" ><p class=\"btSuperTitle\">Our Services<\/p><div class=\"dash\"><h3><span class=\"headline\">What do we do for you?<\/span><\/h3><\/div><\/header><\/div><\/div><div class=\"rowItem col-sm-4 col-ms-12 btTextLeft animate animate-fadein btHighlight inherit\"  ><div class=\"rowItemContent\"><div class=\"bpgPhoto btTextCenter\" > \r\n\t\t\t\t\t<a href=\"http:\/\/www.gunesgumruk.com.tr\/en\/web-gumruk\/\" target=\"_self\"><\/a>\r\n\t\t\t\t\t<div class=\"boldPhotoBox\"><div class=\"bpbItem\"><div class=\"btImage\"><img decoding=\"async\" src=\"https:\/\/www.gunesgumruk.com.tr\/wp-content\/uploads\/2022\/03\/web_gumruk1.jpg\" alt=\"web_gumruk1.jpg\"><\/div><\/div><\/div>\r\n\t\t\t\t\t<div class=\"captionPane\">\r\n\t\t\t\t\t\t<div class=\"captionTable\">\r\n\t\t\t\t\t\t\t<div class=\"captionCell\">\r\n\t\t\t\t\t\t\t\t<div class=\"captionTxt\"><header class=\"header btClear small btDash bottomDash\" ><\/header><\/div>\r\n\t\t\t\t\t\t\t<\/div>\r\n\t\t\t\t\t\t<\/div>\r\n\t\t\t\t\t<\/div><\/div><div class=\"btClear btSeparator bottomSmallSpaced noBorder\" ><hr><\/div><div class=\"btClear btSeparator bottomExtraSmallSpaced noBorder\" ><hr><\/div><div class=\"servicesItem  largeIcon borderlessIconType \"><div class=\"sIcon\"><div class=\"btIco large borderless\"><a href=\"http:\/\/www.gunesgumruk.com.tr\/en\/web-gumruk\/\"  data-ico-fa=\"&#xf1eb;\" class=\"btIcoHolder\"><\/a><\/div><\/div><div class=\"sTxt\"><header class=\"header btClear extrasmall\" ><div class=\"dash\"><h4><span class=\"headline\">Custom Digital<\/span><\/h4><\/div><\/header><p>You can follow all customs procedures and transaction processes carried out by our company, and you can access the archive documents and any type of report you need at any time<br><\/p><\/div><\/div><div class=\"btClear btSeparator topSmallSpaced noBorder\" ><hr><\/div><div class=\"btClear btSeparator bottomExtraSmallSpaced noBorder\" ><hr><\/div><\/div><\/div><div class=\"rowItem col-sm-4 col-ms-12 btTextLeft animate animate-fadein btHighlight inherit\"  ><div class=\"rowItemContent\"><div class=\"bpgPhoto btTextCenter\" > \r\n\t\t\t\t\t<a href=\"http:\/\/www.gunesgumruk.com.tr\/en\/entegrasyon\/\" target=\"_self\"><\/a>\r\n\t\t\t\t\t<div class=\"boldPhotoBox\"><div class=\"bpbItem\"><div class=\"btImage\"><img decoding=\"async\" src=\"https:\/\/www.gunesgumruk.com.tr\/wp-content\/uploads\/2022\/03\/entegrasyon.jpg\" alt=\"entegrasyon.jpg\"><\/div><\/div><\/div>\r\n\t\t\t\t\t<div class=\"captionPane\">\r\n\t\t\t\t\t\t<div class=\"captionTable\">\r\n\t\t\t\t\t\t\t<div class=\"captionCell\">\r\n\t\t\t\t\t\t\t\t<div class=\"captionTxt\"><header class=\"header btClear small btDash bottomDash\" ><\/header><\/div>\r\n\t\t\t\t\t\t\t<\/div>\r\n\t\t\t\t\t\t<\/div>\r\n\t\t\t\t\t<\/div><\/div><div class=\"btClear btSeparator bottomSmallSpaced noBorder\" ><hr><\/div><div class=\"btClear btSeparator bottomExtraSmallSpaced noBorder\" ><hr><\/div><div class=\"servicesItem  largeIcon borderlessIconType \" style=\"padding-bottom:33px;\"><div class=\"sIcon\"><div class=\"btIco large borderless\"><a href=\"http:\/\/www.gunesgumruk.com.tr\/en\/entegrasyon\/\"  data-ico-fa=\"&#xf0c2;\" class=\"btIcoHolder\"><\/a><\/div><\/div><div class=\"sTxt\"><header class=\"header btClear extrasmall\" ><div class=\"dash\"><h4><span class=\"headline\">Integration<\/span><\/h4><\/div><\/header><p>We share our integration projects and the big data in our systems with all our customers.<br><\/p><\/div><\/div><div class=\"btClear btSeparator topSmallSpaced noBorder\" ><hr><\/div><div class=\"btClear btSeparator bottomExtraSmallSpaced noBorder\" ><hr><\/div><\/div><\/div><\/div><div class=\"boldRow \" ><div class=\"rowItem col-md-12 col-ms-12  btTextRight animate animate-fadein animate-moveright inherit\"  ><div class=\"rowItemContent\"><div class=\"btClear btSeparator topSmallSpaced noBorder\" ><hr><\/div><\/div><\/div><\/div><div class=\"boldRow \" ><div class=\"rowItem col-sm-4 col-ms-12 btTextLeft animate animate-fadein btHighlight inherit\"  ><div class=\"rowItemContent\"><div class=\"bpgPhoto btTextCenter\" > \r\n\t\t\t\t\t<a href=\"http:\/\/www.gunesgumruk.com.tr\/en\/ozel-raporlar\/\" target=\"_self\"><\/a>\r\n\t\t\t\t\t<div class=\"boldPhotoBox\"><div class=\"bpbItem\"><div class=\"btImage\"><img decoding=\"async\" src=\"https:\/\/www.gunesgumruk.com.tr\/wp-content\/uploads\/2022\/03\/ozel_raporlar-1080x540.jpg\" alt=\"ozel_raporlar-1080x540.jpg\"><\/div><\/div><\/div>\r\n\t\t\t\t\t<div class=\"captionPane\">\r\n\t\t\t\t\t\t<div class=\"captionTable\">\r\n\t\t\t\t\t\t\t<div class=\"captionCell\">\r\n\t\t\t\t\t\t\t\t<div class=\"captionTxt\"><header class=\"header btClear small btDash bottomDash\" ><\/header><\/div>\r\n\t\t\t\t\t\t\t<\/div>\r\n\t\t\t\t\t\t<\/div>\r\n\t\t\t\t\t<\/div><\/div><div class=\"btClear btSeparator bottomSmallSpaced noBorder\" ><hr><\/div><div class=\"btClear btSeparator bottomExtraSmallSpaced noBorder\" ><hr><\/div><div class=\"servicesItem  largeIcon borderlessIconType \"><div class=\"sIcon\"><div class=\"btIco large borderless\"><a href=\"http:\/\/www.gunesgumruk.com.tr\/en\/ozel-raporlar\/\"  data-ico-fa=\"&#xf1c0;\" class=\"btIcoHolder\"><\/a><\/div><\/div><div class=\"sTxt\"><header class=\"header btClear extrasmall\" ><div class=\"dash\"><h4><span class=\"headline\">Particular Reports<\/span><\/h4><\/div><\/header><p>You can get all kinds of report formats from our system that will facilitate your transactions at any time.<br><\/p><\/div><\/div><div class=\"btClear btSeparator topSmallSpaced noBorder\" ><hr><\/div><\/div><\/div><div class=\"rowItem col-sm-4 col-ms-12 btTextLeft animate animate-fadein btHighlight inherit\"  ><div class=\"rowItemContent\"><div class=\"bpgPhoto btTextCenter\" > \r\n\t\t\t\t\t<a href=\"http:\/\/www.gunesgumruk.com.tr\/en\/otomatik-mail-sistemi\/\" target=\"_self\"><\/a>\r\n\t\t\t\t\t<div class=\"boldPhotoBox\"><div class=\"bpbItem\"><div class=\"btImage\"><img decoding=\"async\" src=\"https:\/\/www.gunesgumruk.com.tr\/wp-content\/uploads\/2022\/03\/otomatik_mail_sistemi-1080x540.jpg\" alt=\"otomatik_mail_sistemi-1080x540.jpg\"><\/div><\/div><\/div>\r\n\t\t\t\t\t<div class=\"captionPane\">\r\n\t\t\t\t\t\t<div class=\"captionTable\">\r\n\t\t\t\t\t\t\t<div class=\"captionCell\">\r\n\t\t\t\t\t\t\t\t<div class=\"captionTxt\"><header class=\"header btClear small btDash bottomDash\" ><\/header><\/div>\r\n\t\t\t\t\t\t\t<\/div>\r\n\t\t\t\t\t\t<\/div>\r\n\t\t\t\t\t<\/div><\/div><div class=\"btClear btSeparator bottomSmallSpaced noBorder\" ><hr><\/div><div class=\"btClear btSeparator bottomExtraSmallSpaced noBorder\" ><hr><\/div><div class=\"servicesItem  largeIcon borderlessIconType \"><div class=\"sIcon\"><div class=\"btIco large borderless\"><a href=\"http:\/\/www.gunesgumruk.com.tr\/en\/otomatik-mail-sistemi\/\"  data-ico-s7=\"&#xe639;\" class=\"btIcoHolder\"><\/a><\/div><\/div><div class=\"sTxt\"><header class=\"header btClear extrasmall\" ><div class=\"dash\"><h4><span class=\"headline\">Automatic Mail System<\/span><\/h4><\/div><\/header><p>You can receive automatic mail from us for all your business processes, transaction statuses and accounting reports.<br><\/p><\/div><\/div><div class=\"btClear btSeparator bottomExtraSmallSpaced noBorder\" ><hr><\/div><\/div><\/div><div class=\"rowItem col-sm-4 col-ms-12 btTextLeft animate animate-fadein btHighlight inherit\"  ><div class=\"rowItemContent\"><div class=\"bpgPhoto btTextCenter\" > \r\n\t\t\t\t\t<a href=\"http:\/\/www.gunesgumruk.com.tr\/en\/blockchain\/\" target=\"_self\"><\/a>\r\n\t\t\t\t\t<div class=\"boldPhotoBox\"><div class=\"bpbItem\"><div class=\"btImage\"><img decoding=\"async\" src=\"https:\/\/www.gunesgumruk.com.tr\/wp-content\/uploads\/2022\/03\/blockchain-1080x540.jpg\" alt=\"blockchain-1080x540.jpg\"><\/div><\/div><\/div>\r\n\t\t\t\t\t<div class=\"captionPane\">\r\n\t\t\t\t\t\t<div class=\"captionTable\">\r\n\t\t\t\t\t\t\t<div class=\"captionCell\">\r\n\t\t\t\t\t\t\t\t<div class=\"captionTxt\"><header class=\"header btClear small btDash bottomDash\" ><\/header><\/div>\r\n\t\t\t\t\t\t\t<\/div>\r\n\t\t\t\t\t\t<\/div>\r\n\t\t\t\t\t<\/div><\/div><div class=\"btClear btSeparator bottomSmallSpaced noBorder\" ><hr><\/div><div class=\"btClear btSeparator bottomExtraSmallSpaced noBorder\" ><hr><\/div><div class=\"servicesItem  largeIcon borderlessIconType \"><div class=\"sIcon\"><div class=\"btIco large borderless\"><a href=\"http:\/\/www.gunesgumruk.com.tr\/en\/blockchain\/\"  data-ico-fa=\"&#xf127;\" class=\"btIcoHolder\"><\/a><\/div><\/div><div class=\"sTxt\"><header class=\"header btClear extrasmall\" ><div class=\"dash\"><h4><span class=\"headline\">Blockchain<\/span><\/h4><\/div><\/header><p>Our company has been a member of the Blockchain Turkey Association since 2018.<br><\/p><\/div><\/div><div class=\"btClear btSeparator topSmallSpaced noBorder\" ><hr><\/div><\/div><\/div><\/div><div class=\"boldRow \" ><div class=\"rowItem col-md-12 col-ms-12  btTextRight animate animate-fadein animate-moveright inherit\"  ><div class=\"rowItemContent\"><div class=\"btClear btSeparator topSpaced noBorder\" ><hr><\/div><\/div><\/div><\/div><\/div><\/div><\/div><\/section><section id=\"contact\" data-parallax=\"0.1\" data-parallax-offset=\"0\" class=\"boldSection topSemiSpaced bottomSmallSpaced btDarkSkin gutter inherit btParallax\" style=\"background-color:#ef700e;\"><div class=\"port\"><div class=\"boldCell\"><div class=\"boldCellInner\"><div class=\"boldRow \" ><div class=\"rowItem col-md-3 col-sm-6 col-ms-12 btTextRight animate animate-fadein btMiddleVertical btDoublePadding\" style=\"z-index: 10;\" ><div class=\"rowItemContent\"><header class=\"header btClear medium  btAccentDash btRegularTitle\" ><p class=\"btSuperTitle\">We are glad to<\/p><div class=\"dash\"><h3><span class=\"headline\">help you<\/span><\/h3><\/div><\/header><\/div><\/div><div class=\"rowItem col-md-3 col-sm-6 col-ms-12 btTextLeft animate animate-fadein btMiddleVertical\"  ><div class=\"rowItemContent\"><div class=\"btClear btSeparator topExtraSmallSpaced noBorder\" ><hr><\/div><div class=\"servicesItem  mediumIcon colorless borderlessIconType \"><div class=\"sIcon\"><div class=\"btIco medium colorless borderless\"><a href=\"#\"  data-ico-cs=\"&#xe60f;\" class=\"btIcoHolder\"><\/a><\/div><\/div><div class=\"sTxt\"><header class=\"header btClear extrasmall\" ><div class=\"dash\"><h4><span class=\"headline\">Phone<\/span><\/h4><\/div><\/header><p>+90 (216) 576 7426<br><\/p><\/div><\/div><div class=\"btClear btSeparator topExtraSmallSpaced noBorder\" ><hr><\/div><\/div><\/div><div class=\"rowItem btLeftBorder col-md-3 col-sm-6 col-ms-12 btTextLeft animate animate-fadein btMiddleVertical\"  ><div class=\"rowItemContent\"><div class=\"btClear btSeparator topExtraSmallSpaced noBorder\" ><hr><\/div><div class=\"servicesItem  mediumIcon colorless borderlessIconType \"><div class=\"sIcon\"><div class=\"btIco medium colorless borderless\"><a href=\"#\"  data-ico-cs=\"&#xe610;\" class=\"btIcoHolder\"><\/a><\/div><\/div><div class=\"sTxt\"><header class=\"header btClear extrasmall\" ><div class=\"dash\"><h4><span class=\"headline\">Working Hours<\/span><\/h4><\/div><\/header><p>Monday-Friday 08:30-18:00\r<br>Saturday 08:30-18:00<br><\/p><\/div><\/div><div class=\"btClear btSeparator topExtraSmallSpaced noBorder\" ><hr><\/div><\/div><\/div><div class=\"rowItem btLeftBorder col-md-3 col-sm-6 col-ms-12 btTextLeft animate animate-fadein btMiddleVertical\"  ><div class=\"rowItemContent\"><div class=\"btClear btSeparator topExtraSmallSpaced noBorder\" ><hr><\/div><div class=\"servicesItem  mediumIcon colorless borderlessIconType \"><div class=\"sIcon\"><div class=\"btIco medium colorless borderless\"><span  data-ico-cs=\"&#xe663;\" class=\"btIcoHolder\"><\/span><\/div><\/div><div class=\"sTxt\"><header class=\"header btClear extrasmall\" ><div class=\"dash\"><h4><span class=\"headline\">Office Address<\/span><\/h4><\/div><\/header><p>Atat\u00fcrk Mah. Ata\u015fehir Bulvar\u0131\r<br>No: 20 Gardenya Plaza 3 Kat: 14\r<br>Ata\u015fehir\/\u0130STANBUL<br><\/p><\/div><\/div><div class=\"btClear btSeparator topExtraSmallSpaced noBorder\" ><hr><\/div><\/div><\/div><\/div><\/div><\/div><\/div><\/section><section id=\"bt_section69e1b2f223672\" data-parallax=\"0.1\" data-parallax-offset=\"0\" class=\"boldSection btDarkSkin inherit btParallax\" ><div class=\"port\"><div class=\"boldCell\"><div class=\"boldCellInner\"><div class=\"boldRow \" ><div class=\"rowItem col-md-12 col-ms-12  btTextCenter inherit btNoPadding\"  ><div class=\"rowItemContent\"><div class=\"btText\"><p><iframe loading=\"lazy\" style=\"border: 0;\" src=\"https:\/\/www.google.com\/maps\/embed?pb=!1m14!1m8!1m3!1d1034.4190618475805!2d29.12738610708858!3d40.992192246075994!3m2!1i1024!2i768!4f13.1!3m3!1m2!1s0x0%3A0x4ca697da39572fe5!2sGardenya-3%20Plaza!5e0!3m2!1str!2str!4v1652174153244!5m2!1str!2str\" width=\"100%\" height=\"100%\" allowfullscreen=\"allowfullscreen\"><\/iframe><\/p>\n<\/div><\/div><\/div><\/div><\/div><\/div><\/div><\/section><\/div>","protected":false},"excerpt":{"rendered":"","protected":false},"author":1,"featured_media":0,"parent":0,"menu_order":0,"comment_status":"closed","ping_status":"closed","template":"","meta":{"footnotes":""},"class_list":["post-3114","page","type-page","status-publish","hentry"],"_links":{"self":[{"href":"https:\/\/www.gunesgumruk.com.tr\/en\/wp-json\/wp\/v2\/pages\/3114","targetHints":{"allow":["GET"]}}],"collection":[{"href":"https:\/\/www.gunesgumruk.com.tr\/en\/wp-json\/wp\/v2\/pages"}],"about":[{"href":"https:\/\/www.gunesgumruk.com.tr\/en\/wp-json\/wp\/v2\/types\/page"}],"author":[{"embeddable":true,"href":"https:\/\/www.gunesgumruk.com.tr\/en\/wp-json\/wp\/v2\/users\/1"}],"replies":[{"embeddable":true,"href":"https:\/\/www.gunesgumruk.com.tr\/en\/wp-json\/wp\/v2\/comments?post=3114"}],"version-history":[{"count":9,"href":"https:\/\/www.gunesgumruk.com.tr\/en\/wp-json\/wp\/v2\/pages\/3114\/revisions"}],"predecessor-version":[{"id":3245,"href":"https:\/\/www.gunesgumruk.com.tr\/en\/wp-json\/wp\/v2\/pages\/3114\/revisions\/3245"}],"wp:attachment":[{"href":"https:\/\/www.gunesgumruk.com.tr\/en\/wp-json\/wp\/v2\/media?parent=3114"}],"curies":[{"name":"wp","href":"https:\/\/api.w.org\/{rel}","templated":true}]}}