{"id":3193,"date":"2015-11-17T05:09:58","date_gmt":"2015-11-17T05:09:58","guid":{"rendered":"http:\/\/www.gunesgumruk.com.tr\/contact\/"},"modified":"2022-06-07T17:04:23","modified_gmt":"2022-06-07T17:04:23","slug":"contact","status":"publish","type":"page","link":"https:\/\/www.gunesgumruk.com.tr\/en\/contact\/","title":{"rendered":"Contact"},"content":{"rendered":"<div class=\"bt_rc_container\"><section id=\"bt_section69f811bad0e19\" data-parallax=\"0.1\" data-parallax-offset=\"-50\" class=\"boldSection topExtraSpaced bottomMoreSpaced btDarkSkin gutter btMiddleVertical btParallax wBackground cover\" style=\"background-image:url('https:\/\/www.gunesgumruk.com.tr\/wp-content\/uploads\/2022\/03\/iletisim_slider.jpg');\"><div class=\"port\"><div class=\"boldCell\"><div class=\"boldCellInner\"><div class=\"boldRow \" ><div class=\"rowItem col-md-12 col-ms-12  btTextLeft animate animate-fadein animate-moveleft inherit\"  ><div class=\"rowItemContent\"><header class=\"header btClear extralarge btDash bottomDash  btAccentDash btRegularTitle\" style=\"max-width: 800px;\"><div class=\"dash\"><h1><span class=\"headline\">Stay in Touch<\/span><\/h1><\/div><\/header><div class=\"btClear btSeparator bottomSemiSpaced noBorder\" ><hr><\/div><\/div><\/div><\/div><\/div><\/div><\/div><\/section><section id=\"bt_section69f811bad1162\"  class=\"boldSection topSpaced bottomSpaced btLightSkin gutter inherit\" ><div class=\"port\"><div class=\"boldCell\"><div class=\"boldCellInner\"><div class=\"boldRow \" ><div class=\"rowItem col-sm-4 col-ms-12 btTextCenter inherit btDoublePadding\"  ><div class=\"rowItemContent\"><div class=\"servicesItem  mediumIcon accentIconType \"><div class=\"sIcon\"><div class=\"btIco medium accent\"><a href=\"#\"  data-ico-s7=\"&#xe69b;\" class=\"btIcoHolder\"><\/a><\/div><\/div><div class=\"sTxt\"><header class=\"header btClear extrasmall\" ><div class=\"dash\"><h4><span class=\"headline\">\u0130STANBUL<\/span><\/h4><\/div><\/header><p><b>Headquarter Phone<\/b>: +90 (216) 576 7426\r<br><b>Headquarter<\/b> : Atat\u00fcrk Mah. Ata\u015fehir Bulvar\u0131 No: 20 Gardenya Plaza 3 Kat: 14 Ata\u015fehir\/\u0130STANBUL\r<br><b>Branch:<\/b> Ambarl\u0131 Customs Office\r<br><b>Branch: <\/b>Muratbey Customs Office\r<br><b>Branch: <\/b>AHL Customs Office\r<br><b>Branch: <\/b>\u0130HL Customs Office\r<br><b>Branch: <\/b>Erenk\u00f6y Customs Office\r<br><b>Branch: <\/b>Sabiha G\u00f6k\u00e7en Airport Customs Office\r<br><b>Branch: <\/b>Tuzla SB Customs Office<br><\/p><\/div><\/div><\/div><\/div><div class=\"rowItem col-sm-4 col-ms-12 btTextCenter inherit btNoPadding\"  ><div class=\"rowItemContent\"><div class=\"servicesItem  mediumIcon accentIconType \"><div class=\"sIcon\"><div class=\"btIco medium accent\"><a href=\"#\"  data-ico-s7=\"&#xe69b;\" class=\"btIcoHolder\"><\/a><\/div><\/div><div class=\"sTxt\"><header class=\"header btClear extrasmall\" ><div class=\"dash\"><h4><span class=\"headline\">\u0130ZM\u0130R<\/span><\/h4><\/div><\/header><p><b>Headquarter:<\/b> Alsancak Mah. 1475 Sok. No: 1 Kat: 8 D: 806 Konak \/ \u0130ZM\u0130R<br><\/p><\/div><\/div><\/div><\/div><div class=\"rowItem col-sm-4 col-ms-12 btTextCenter inherit btDoublePadding\"  ><div class=\"rowItemContent\"><div class=\"servicesItem  mediumIcon accentIconType \"><div class=\"sIcon\"><div class=\"btIco medium accent\"><a href=\"#\"  data-ico-s7=\"&#xe69b;\" class=\"btIcoHolder\"><\/a><\/div><\/div><div class=\"sTxt\"><header class=\"header btClear extrasmall\" ><div class=\"dash\"><h4><span class=\"headline\">\u0130ZM\u0130T<\/span><\/h4><\/div><\/header><p><b>Headquarter:<\/b> GOSB 1600 Sok. D\u0131\u015f Kap\u0131 No: 1601\/6 \u0130\u00e7 Kap\u0131 No: 108 \u00c7ay\u0131rova\/KOCAEL\u0130\r<br><b>Branch:<\/b> Derince Customs Office\r<br><b>Branch: <\/b>Dilovas\u0131 Customs Office<br><\/p><\/div><\/div><\/div><\/div><\/div><div class=\"boldRow \" style=\"padding-top:60px;\"><div class=\"rowItem col-sm-6 col-ms-12 btTextLeft inherit btNoPadding\"  ><div class=\"rowItemContent\"><div class=\"btText\"><p><iframe loading=\"lazy\" style=\"border: 0;\" src=\"https:\/\/www.google.com\/maps\/embed?pb=!1m14!1m8!1m3!1d12046.06645583805!2d29.1276174!3d40.9920645!3m2!1i1024!2i768!4f13.1!3m3!1m2!1s0x0%3A0x117f7bde31e5f839!2zR8OcTkXFniBHw5xNUsOcSyBNw5zFnkFWxLBSTMSwxJ7EsCBMVEQuxZ5UxLAu!5e0!3m2!1str!2str!4v1644317068740!5m2!1str!2str\" width=\"100%\" height=\"680\" allowfullscreen=\"allowfullscreen\"><\/iframe><\/p>\n<\/div><\/div><\/div><div class=\"rowItem col-sm-6 col-ms-12 btTextCenter inherit btDoublePadding\"  ><div class=\"rowItemContent\"><div class=\"btText\"><div class='fluentform ff-default fluentform_wrapper_5 ffs_default_wrap'>\n<form data-form_id=\"5\" id=\"fluentform_5\" class=\"frm-fluent-form fluent_form_5 ff-el-form-top ff_form_instance_5_1 ff-form-loading ffs_default\" data-form_instance=\"ff_form_instance_5_1\" method=\"POST\" >\n<fieldset  style=\"border: none!important;margin: 0!important;padding: 0!important;background-color: transparent!important;box-shadow: none!important;outline: none!important; min-inline-size: 100%;\">\n<legend class=\"ff_screen_reader_title\" style=\"display: block; margin: 0!important;padding: 0!important;height: 0!important;text-indent: -999999px;width: 0!important;overflow:hidden;\">\u0130leti\u015fim Formu EN<\/legend>\n<p><input type='hidden' name='__fluent_form_embded_post_id' value='3193' \/><input type=\"hidden\" id=\"_fluentform_5_fluentformnonce\" name=\"_fluentform_5_fluentformnonce\" value=\"5601c81998\" \/><input type=\"hidden\" name=\"_wp_http_referer\" value=\"\/en\/wp-json\/wp\/v2\/pages\/3193\" \/><\/p>\n<div data-type=\"name-element\" data-name=\"names\" class=\" ff-field_container ff-name-field-wrapper\" >\n<div class='ff-t-container'>\n<div class='ff-t-cell '>\n<div class='ff-el-group'>\n<div class=\"ff-el-input--label asterisk-right\"><label for='ff_5_names_first_name_' >First Name<\/label><\/div>\n<div class='ff-el-input--content'><input type=\"text\" name=\"names[first_name]\" id=\"ff_5_names_first_name_\" class=\"ff-el-form-control\" placeholder=\"First Name\" aria-invalid=\"false\" aria-required=false><\/div>\n<\/div>\n<\/div>\n<div class='ff-t-cell '>\n<div class='ff-el-group'>\n<div class=\"ff-el-input--label asterisk-right\"><label for='ff_5_names_last_name_' >Last Name<\/label><\/div>\n<div class='ff-el-input--content'><input type=\"text\" name=\"names[last_name]\" id=\"ff_5_names_last_name_\" class=\"ff-el-form-control\" placeholder=\"Last Name\" aria-invalid=\"false\" aria-required=false><\/div>\n<\/div>\n<\/div>\n<\/div>\n<\/div>\n<div class='ff-el-group'>\n<div class=\"ff-el-input--label ff-el-is-required asterisk-right\"><label for='ff_5_email' aria-label=\"E-mail address\">E-mail address<\/label><\/div>\n<div class='ff-el-input--content'><input type=\"email\" name=\"email\" id=\"ff_5_email\" class=\"ff-el-form-control\" placeholder=\"E-mail address\" data-name=\"email\"  aria-invalid=\"false\" aria-required=true><\/div>\n<\/div>\n<div class='ff-el-group'>\n<div class=\"ff-el-input--label asterisk-right\"><label for='ff_5_subject' aria-label=\"Subject\">Subject<\/label><\/div>\n<div class='ff-el-input--content'><input type=\"text\" name=\"subject\" class=\"ff-el-form-control\" placeholder=\"Subject\" data-name=\"subject\" id=\"ff_5_subject\"  aria-invalid=\"false\" aria-required=false><\/div>\n<\/div>\n<div class='ff-el-group'>\n<div class=\"ff-el-input--label ff-el-is-required asterisk-right\"><label for='ff_5_message' aria-label=\"Your Message\">Your Message<\/label><\/div>\n<div class='ff-el-input--content'><textarea aria-invalid=\"false\" aria-required=true name=\"message\" id=\"ff_5_message\" class=\"ff-el-form-control\" placeholder=\"Your Message\" rows=\"4\" cols=\"2\" data-name=\"message\" ><\/textarea><\/div>\n<\/div>\n<div class='ff-el-group ff-text-left ff_submit_btn_wrapper'><button type=\"submit\" class=\"ff-btn ff-btn-submit ff-btn-md ff_btn_style\" >Submit<\/button><\/div>\n<div id=\"cf-turnstile-fluent-846637487\"\n\t\tclass=\"cf-turnstile\" \t\tdata-sitekey=\"0x4AAAAAAAaITwRGab41Ax31\"\n\t\tdata-theme=\"light\"\n\t\tdata-language=\"auto\"\n\t\tdata-size=\"\"\n\t\tdata-retry=\"auto\" data-retry-interval=\"1000\"\n\t\tdata-action=\"fluent-form-5\"\n\t\t\t\tdata-appearance=\"always\"><\/div>\n<p>\t\t\t<script>document.addEventListener(\"DOMContentLoaded\", function() { setTimeout(function(){ var e=document.getElementById(\"cf-turnstile-fluent-846637487\"); e&&!e.innerHTML.trim()&&(turnstile.remove(\"#cf-turnstile-fluent-846637487\"), turnstile.render(\"#cf-turnstile-fluent-846637487\", {sitekey:\"0x4AAAAAAAaITwRGab41Ax31\"})); }, 0); });<\/script><br \/>\n\t\t\t<br class=\"cf-turnstile-br cf-turnstile-br-fluent-846637487\"><\/p>\n<style>#cf-turnstile-fluent-846637487 { margin-left: -15px; }<\/style>\n<\/fieldset>\n<\/form>\n<div id='fluentform_5_errors' class='ff-errors-in-stack ff_form_instance_5_1 ff-form-loading_errors ff_form_instance_5_1_errors'><\/div>\n<\/div>\n<p>        <script type=\"text\/javascript\">\n            window.fluent_form_ff_form_instance_5_1 = {\"id\":\"5\",\"settings\":{\"layout\":{\"labelPlacement\":\"top\",\"helpMessagePlacement\":\"with_label\",\"errorMessagePlacement\":\"inline\",\"asteriskPlacement\":\"asterisk-right\"},\"id\":\"39\",\"restrictions\":{\"denyEmptySubmission\":{\"enabled\":false}}},\"form_instance\":\"ff_form_instance_5_1\",\"form_id_selector\":\"fluentform_5\",\"rules\":{\"names[first_name]\":{\"required\":{\"value\":false,\"message\":\"This field is required\"}},\"names[middle_name]\":{\"required\":{\"value\":false,\"message\":\"This field is required\"}},\"names[last_name]\":{\"required\":{\"value\":false,\"message\":\"This field is required\"}},\"email\":{\"required\":{\"value\":true,\"message\":\"Zorunlu alan\"},\"email\":{\"value\":false,\"message\":\"This field must contain a valid email\"}},\"subject\":{\"required\":{\"value\":false,\"message\":\"This field is required\"}},\"message\":{\"required\":{\"value\":true,\"message\":\"Zorunlu Alan\"}}},\"debounce_time\":300};\n                    <\/script><\/p>\n<\/div><\/div><\/div><\/div><\/div><\/div><\/div><\/section><section id=\"bt_section69f811badbea1\"  class=\"boldSection btDivider btLightSkin inherit\" ><div class=\"port\"><div class=\"boldCell\"><div class=\"boldCellInner\"><div class=\"boldRow \" ><div class=\"rowItem col-md-12 col-ms-12  btTextCenter inherit btNoPadding\"  ><div class=\"rowItemContent\"><\/div><\/div><\/div><\/div><\/div><\/div><\/section><\/div>","protected":false},"excerpt":{"rendered":"","protected":false},"author":1,"featured_media":0,"parent":0,"menu_order":0,"comment_status":"closed","ping_status":"closed","template":"","meta":{"footnotes":""},"class_list":["post-3193","page","type-page","status-publish","hentry"],"_links":{"self":[{"href":"https:\/\/www.gunesgumruk.com.tr\/en\/wp-json\/wp\/v2\/pages\/3193","targetHints":{"allow":["GET"]}}],"collection":[{"href":"https:\/\/www.gunesgumruk.com.tr\/en\/wp-json\/wp\/v2\/pages"}],"about":[{"href":"https:\/\/www.gunesgumruk.com.tr\/en\/wp-json\/wp\/v2\/types\/page"}],"author":[{"embeddable":true,"href":"https:\/\/www.gunesgumruk.com.tr\/en\/wp-json\/wp\/v2\/users\/1"}],"replies":[{"embeddable":true,"href":"https:\/\/www.gunesgumruk.com.tr\/en\/wp-json\/wp\/v2\/comments?post=3193"}],"version-history":[{"count":4,"href":"https:\/\/www.gunesgumruk.com.tr\/en\/wp-json\/wp\/v2\/pages\/3193\/revisions"}],"predecessor-version":[{"id":3252,"href":"https:\/\/www.gunesgumruk.com.tr\/en\/wp-json\/wp\/v2\/pages\/3193\/revisions\/3252"}],"wp:attachment":[{"href":"https:\/\/www.gunesgumruk.com.tr\/en\/wp-json\/wp\/v2\/media?parent=3193"}],"curies":[{"name":"wp","href":"https:\/\/api.w.org\/{rel}","templated":true}]}}